{"id":232,"date":"2024-02-24T19:58:15","date_gmt":"2024-02-24T18:58:15","guid":{"rendered":"https:\/\/comkael.fr\/?page_id=232"},"modified":"2024-03-09T20:45:06","modified_gmt":"2024-03-09T19:45:06","slug":"creations-logos","status":"publish","type":"page","link":"https:\/\/comkael.fr\/?page_id=232","title":{"rendered":"Cr\u00e9ations Logos"},"content":{"rendered":"\t\t<div data-elementor-type=\"wp-page\" data-elementor-id=\"232\" class=\"elementor elementor-232\">\n\t\t\t\t\t\t\t<div class=\"elementor-element elementor-element-59e91500 e-flex e-con-boxed e-con e-parent\" data-id=\"59e91500\" data-element_type=\"container\" data-settings=\"{&quot;content_width&quot;:&quot;boxed&quot;}\" data-core-v316-plus=\"true\">\n\t\t\t\t\t<div class=\"e-con-inner\">\n\t\t\t\t<div class=\"elementor-element elementor-element-24d8aec2 elementor-widget elementor-widget-heading\" data-id=\"24d8aec2\" data-element_type=\"widget\" data-widget_type=\"heading.default\">\n\t\t\t\t<div class=\"elementor-widget-container\">\n\t\t\t<style>\/*! elementor - v3.16.0 - 20-09-2023 *\/\n.elementor-heading-title{padding:0;margin:0;line-height:1}.elementor-widget-heading .elementor-heading-title[class*=elementor-size-]>a{color:inherit;font-size:inherit;line-height:inherit}.elementor-widget-heading .elementor-heading-title.elementor-size-small{font-size:15px}.elementor-widget-heading .elementor-heading-title.elementor-size-medium{font-size:19px}.elementor-widget-heading .elementor-heading-title.elementor-size-large{font-size:29px}.elementor-widget-heading .elementor-heading-title.elementor-size-xl{font-size:39px}.elementor-widget-heading .elementor-heading-title.elementor-size-xxl{font-size:59px}<\/style><h1 class=\"elementor-heading-title elementor-size-default\">Cr\u00e9ation Logo<\/h1>\t\t<\/div>\n\t\t\t\t<\/div>\n\t\t\t\t\t<\/div>\n\t\t\t\t<\/div>\n\t\t<div class=\"elementor-element elementor-element-440aaece e-flex e-con-boxed e-con e-parent\" data-id=\"440aaece\" data-element_type=\"container\" data-settings=\"{&quot;content_width&quot;:&quot;boxed&quot;}\" data-core-v316-plus=\"true\">\n\t\t\t\t\t<div class=\"e-con-inner\">\n\t\t<div class=\"elementor-element elementor-element-9468b0a e-con-full e-flex e-con e-child\" data-id=\"9468b0a\" data-element_type=\"container\" data-settings=\"{&quot;content_width&quot;:&quot;full&quot;}\">\n\t\t\t\t<div class=\"elementor-element elementor-element-198e301b elementor-widget elementor-widget-heading\" data-id=\"198e301b\" data-element_type=\"widget\" data-widget_type=\"heading.default\">\n\t\t\t\t<div class=\"elementor-widget-container\">\n\t\t\t<h2 class=\"elementor-heading-title elementor-size-default\">Logo du Fontenilles Football Club (FFC)<\/h2>\t\t<\/div>\n\t\t\t\t<\/div>\n\t\t\t\t<div class=\"elementor-element elementor-element-4beb786c elementor-widget elementor-widget-image\" data-id=\"4beb786c\" data-element_type=\"widget\" data-widget_type=\"image.default\">\n\t\t\t\t<div class=\"elementor-widget-container\">\n\t\t\t<style>\/*! elementor - v3.16.0 - 20-09-2023 *\/\n.elementor-widget-image{text-align:center}.elementor-widget-image a{display:inline-block}.elementor-widget-image a img[src$=\".svg\"]{width:48px}.elementor-widget-image img{vertical-align:middle;display:inline-block}<\/style>\t\t\t\t\t\t\t\t\t\t\t\t<img decoding=\"async\" loading=\"lazy\" width=\"300\" height=\"300\" src=\"https:\/\/comkael.fr\/wp-content\/uploads\/2024\/02\/Logo-Foot-300x300.png\" class=\"attachment-medium size-medium wp-image-222\" alt=\"\" srcset=\"https:\/\/comkael.fr\/wp-content\/uploads\/2024\/02\/Logo-Foot-300x300.png 300w, https:\/\/comkael.fr\/wp-content\/uploads\/2024\/02\/Logo-Foot-1024x1024.png 1024w, https:\/\/comkael.fr\/wp-content\/uploads\/2024\/02\/Logo-Foot-150x150.png 150w, https:\/\/comkael.fr\/wp-content\/uploads\/2024\/02\/Logo-Foot-768x768.png 768w, https:\/\/comkael.fr\/wp-content\/uploads\/2024\/02\/Logo-Foot-1536x1536.png 1536w, https:\/\/comkael.fr\/wp-content\/uploads\/2024\/02\/Logo-Foot-2048x2048.png 2048w, https:\/\/comkael.fr\/wp-content\/uploads\/2024\/02\/Logo-Foot-850x849.png 850w, https:\/\/comkael.fr\/wp-content\/uploads\/2024\/02\/Logo-Foot-1320x1319.png 1320w\" sizes=\"(max-width: 300px) 100vw, 300px\" \/>\t\t\t\t\t\t\t\t\t\t\t\t\t\t\t<\/div>\n\t\t\t\t<\/div>\n\t\t\t\t<div class=\"elementor-element elementor-element-d586ae9 elementor-widget elementor-widget-heading\" data-id=\"d586ae9\" data-element_type=\"widget\" data-widget_type=\"heading.default\">\n\t\t\t\t<div class=\"elementor-widget-container\">\n\t\t\t<h2 class=\"elementor-heading-title elementor-size-default\">Proposition de logo pour l'entreprise AGITEK<\/h2>\t\t<\/div>\n\t\t\t\t<\/div>\n\t\t\t\t<div class=\"elementor-element elementor-element-46128d8 elementor-widget elementor-widget-image\" data-id=\"46128d8\" data-element_type=\"widget\" data-widget_type=\"image.default\">\n\t\t\t\t<div class=\"elementor-widget-container\">\n\t\t\t\t\t\t\t\t\t\t\t\t\t\t\t<img decoding=\"async\" loading=\"lazy\" width=\"300\" height=\"105\" src=\"https:\/\/comkael.fr\/wp-content\/uploads\/2024\/02\/logo-laurent2-300x105.jpg\" class=\"attachment-medium size-medium wp-image-234\" alt=\"\" srcset=\"https:\/\/comkael.fr\/wp-content\/uploads\/2024\/02\/logo-laurent2-300x105.jpg 300w, https:\/\/comkael.fr\/wp-content\/uploads\/2024\/02\/logo-laurent2-350x124.jpg 350w, https:\/\/comkael.fr\/wp-content\/uploads\/2024\/02\/logo-laurent2.jpg 353w\" sizes=\"(max-width: 300px) 100vw, 300px\" \/>\t\t\t\t\t\t\t\t\t\t\t\t\t\t\t<\/div>\n\t\t\t\t<\/div>\n\t\t\t\t<div class=\"elementor-element elementor-element-c7067fc elementor-widget elementor-widget-heading\" data-id=\"c7067fc\" data-element_type=\"widget\" data-widget_type=\"heading.default\">\n\t\t\t\t<div class=\"elementor-widget-container\">\n\t\t\t<h2 class=\"elementor-heading-title elementor-size-default\">Cr\u00e9ation Originale pour le Louvre de Lens<\/h2>\t\t<\/div>\n\t\t\t\t<\/div>\n\t\t\t\t<div class=\"elementor-element elementor-element-74f2baf elementor-widget elementor-widget-image\" data-id=\"74f2baf\" data-element_type=\"widget\" data-widget_type=\"image.default\">\n\t\t\t\t<div class=\"elementor-widget-container\">\n\t\t\t\t\t\t\t\t\t\t\t\t\t\t\t<img decoding=\"async\" loading=\"lazy\" width=\"300\" height=\"300\" src=\"https:\/\/comkael.fr\/wp-content\/uploads\/2024\/03\/Logo-Louvre-Lens-300x300.png\" class=\"attachment-medium size-medium wp-image-308\" alt=\"\" srcset=\"https:\/\/comkael.fr\/wp-content\/uploads\/2024\/03\/Logo-Louvre-Lens-300x300.png 300w, https:\/\/comkael.fr\/wp-content\/uploads\/2024\/03\/Logo-Louvre-Lens-150x150.png 150w, https:\/\/comkael.fr\/wp-content\/uploads\/2024\/03\/Logo-Louvre-Lens-768x768.png 768w, https:\/\/comkael.fr\/wp-content\/uploads\/2024\/03\/Logo-Louvre-Lens-850x850.png 850w, https:\/\/comkael.fr\/wp-content\/uploads\/2024\/03\/Logo-Louvre-Lens.png 1000w\" sizes=\"(max-width: 300px) 100vw, 300px\" \/>\t\t\t\t\t\t\t\t\t\t\t\t\t\t\t<\/div>\n\t\t\t\t<\/div>\n\t\t\t\t<\/div>\n\t\t<div class=\"elementor-element elementor-element-67a0bec2 e-con-full e-flex e-con e-child\" data-id=\"67a0bec2\" data-element_type=\"container\" data-settings=\"{&quot;content_width&quot;:&quot;full&quot;}\">\n\t\t\t\t<div class=\"elementor-element elementor-element-27560e1e elementor-widget elementor-widget-heading\" data-id=\"27560e1e\" data-element_type=\"widget\" data-widget_type=\"heading.default\">\n\t\t\t\t<div class=\"elementor-widget-container\">\n\t\t\t<h2 class=\"elementor-heading-title elementor-size-default\">Logo de la section f\u00e9minine du FFC<\/h2>\t\t<\/div>\n\t\t\t\t<\/div>\n\t\t\t\t<div class=\"elementor-element elementor-element-4ab63078 elementor-widget elementor-widget-image\" data-id=\"4ab63078\" data-element_type=\"widget\" data-widget_type=\"image.default\">\n\t\t\t\t<div class=\"elementor-widget-container\">\n\t\t\t\t\t\t\t\t\t\t\t\t\t\t\t<img decoding=\"async\" loading=\"lazy\" width=\"267\" height=\"300\" src=\"https:\/\/comkael.fr\/wp-content\/uploads\/2024\/02\/Logo-Feline-267x300.png\" class=\"attachment-medium size-medium wp-image-224\" alt=\"\" srcset=\"https:\/\/comkael.fr\/wp-content\/uploads\/2024\/02\/Logo-Feline-267x300.png 267w, https:\/\/comkael.fr\/wp-content\/uploads\/2024\/02\/Logo-Feline-300x337.png 300w, https:\/\/comkael.fr\/wp-content\/uploads\/2024\/02\/Logo-Feline.png 312w\" sizes=\"(max-width: 267px) 100vw, 267px\" \/>\t\t\t\t\t\t\t\t\t\t\t\t\t\t\t<\/div>\n\t\t\t\t<\/div>\n\t\t\t\t<div class=\"elementor-element elementor-element-08eafa4 elementor-widget elementor-widget-heading\" data-id=\"08eafa4\" data-element_type=\"widget\" data-widget_type=\"heading.default\">\n\t\t\t\t<div class=\"elementor-widget-container\">\n\t\t\t<h2 class=\"elementor-heading-title elementor-size-default\">Cr\u00e9ation originale \"Inspiration Coiffeur\"<\/h2>\t\t<\/div>\n\t\t\t\t<\/div>\n\t\t\t\t<div class=\"elementor-element elementor-element-75900bd elementor-widget elementor-widget-image\" data-id=\"75900bd\" data-element_type=\"widget\" data-widget_type=\"image.default\">\n\t\t\t\t<div class=\"elementor-widget-container\">\n\t\t\t\t\t\t\t\t\t\t\t\t\t\t\t<img decoding=\"async\" loading=\"lazy\" width=\"300\" height=\"300\" src=\"https:\/\/comkael.fr\/wp-content\/uploads\/2024\/02\/logo-coiffeur-300x300.png\" class=\"attachment-medium size-medium wp-image-235\" alt=\"\" srcset=\"https:\/\/comkael.fr\/wp-content\/uploads\/2024\/02\/logo-coiffeur-300x300.png 300w, https:\/\/comkael.fr\/wp-content\/uploads\/2024\/02\/logo-coiffeur-150x150.png 150w, https:\/\/comkael.fr\/wp-content\/uploads\/2024\/02\/logo-coiffeur.png 600w\" sizes=\"(max-width: 300px) 100vw, 300px\" \/>\t\t\t\t\t\t\t\t\t\t\t\t\t\t\t<\/div>\n\t\t\t\t<\/div>\n\t\t\t\t<div class=\"elementor-element elementor-element-898cde1 elementor-widget elementor-widget-heading\" data-id=\"898cde1\" data-element_type=\"widget\" data-widget_type=\"heading.default\">\n\t\t\t\t<div class=\"elementor-widget-container\">\n\t\t\t<h2 class=\"elementor-heading-title elementor-size-default\">Cr\u00e9ation originale \"Albi Basket 81\"<\/h2>\t\t<\/div>\n\t\t\t\t<\/div>\n\t\t\t\t<div class=\"elementor-element elementor-element-485b570 elementor-widget elementor-widget-image\" data-id=\"485b570\" data-element_type=\"widget\" data-widget_type=\"image.default\">\n\t\t\t\t<div class=\"elementor-widget-container\">\n\t\t\t\t\t\t\t\t\t\t\t\t\t\t\t<img decoding=\"async\" loading=\"lazy\" width=\"300\" height=\"290\" src=\"https:\/\/comkael.fr\/wp-content\/uploads\/2024\/03\/thumbnail_LOGO-ALBI-BASKET-FINAL-300x290.png\" class=\"attachment-medium size-medium wp-image-316\" alt=\"\" srcset=\"https:\/\/comkael.fr\/wp-content\/uploads\/2024\/03\/thumbnail_LOGO-ALBI-BASKET-FINAL-300x290.png 300w, https:\/\/comkael.fr\/wp-content\/uploads\/2024\/03\/thumbnail_LOGO-ALBI-BASKET-FINAL-1024x990.png 1024w, https:\/\/comkael.fr\/wp-content\/uploads\/2024\/03\/thumbnail_LOGO-ALBI-BASKET-FINAL-768x742.png 768w, https:\/\/comkael.fr\/wp-content\/uploads\/2024\/03\/thumbnail_LOGO-ALBI-BASKET-FINAL-850x821.png 850w, https:\/\/comkael.fr\/wp-content\/uploads\/2024\/03\/thumbnail_LOGO-ALBI-BASKET-FINAL.png 1280w\" sizes=\"(max-width: 300px) 100vw, 300px\" \/>\t\t\t\t\t\t\t\t\t\t\t\t\t\t\t<\/div>\n\t\t\t\t<\/div>\n\t\t\t\t<\/div>\n\t\t\t\t\t<\/div>\n\t\t\t\t<\/div>\n\t\t\t\t\t\t\t<\/div>\n\t\t","protected":false},"excerpt":{"rendered":"<p>Cr\u00e9ation Logo Logo du Fontenilles Football Club (FFC) Proposition de logo pour l&#8217;entreprise AGITEK Cr\u00e9ation Originale pour le Louvre de Lens Logo de la section f\u00e9minine du FFC Cr\u00e9ation originale &#8220;Inspiration Coiffeur&#8221; Cr\u00e9ation originale &#8220;Albi Basket 81&#8221;<\/p>\n","protected":false},"author":1,"featured_media":0,"parent":0,"menu_order":0,"comment_status":"closed","ping_status":"closed","template":"elementor_header_footer","meta":{"_monsterinsights_skip_tracking":false,"_monsterinsights_sitenote_active":false,"_monsterinsights_sitenote_note":"","_monsterinsights_sitenote_category":0,"footnotes":""},"aioseo_notices":[],"_links":{"self":[{"href":"https:\/\/comkael.fr\/index.php?rest_route=\/wp\/v2\/pages\/232"}],"collection":[{"href":"https:\/\/comkael.fr\/index.php?rest_route=\/wp\/v2\/pages"}],"about":[{"href":"https:\/\/comkael.fr\/index.php?rest_route=\/wp\/v2\/types\/page"}],"author":[{"embeddable":true,"href":"https:\/\/comkael.fr\/index.php?rest_route=\/wp\/v2\/users\/1"}],"replies":[{"embeddable":true,"href":"https:\/\/comkael.fr\/index.php?rest_route=%2Fwp%2Fv2%2Fcomments&post=232"}],"version-history":[{"count":17,"href":"https:\/\/comkael.fr\/index.php?rest_route=\/wp\/v2\/pages\/232\/revisions"}],"predecessor-version":[{"id":319,"href":"https:\/\/comkael.fr\/index.php?rest_route=\/wp\/v2\/pages\/232\/revisions\/319"}],"wp:attachment":[{"href":"https:\/\/comkael.fr\/index.php?rest_route=%2Fwp%2Fv2%2Fmedia&parent=232"}],"curies":[{"name":"wp","href":"https:\/\/api.w.org\/{rel}","templated":true}]}}